{"id":1907,"date":"2019-05-06T03:52:57","date_gmt":"2019-05-06T03:52:57","guid":{"rendered":"https:\/\/demo.ovatheme.com\/charihope\/?page_id=1907"},"modified":"2023-12-29T02:08:12","modified_gmt":"2023-12-29T02:08:12","slug":"about-us","status":"publish","type":"page","link":"https:\/\/apee-bf.org\/index.php\/about-us\/","title":{"rendered":"About Us"},"content":{"rendered":"\t\t<div data-elementor-type=\"wp-post\" data-elementor-id=\"1907\" class=\"elementor elementor-1907\" data-elementor-post-type=\"page\">\n\t\t\t\t\t\t\t\t\t<section class=\"elementor-section elementor-top-section elementor-element elementor-element-92b61fe elementor-section-content-middle elementor-section-boxed elementor-section-height-default elementor-section-height-default\" data-id=\"92b61fe\" data-element_type=\"section\">\n\t\t\t\t\t\t<div class=\"elementor-container elementor-column-gap-no\">\n\t\t\t\t\t<div class=\"elementor-column elementor-col-50 elementor-top-column elementor-element elementor-element-155ff24\" data-id=\"155ff24\" data-element_type=\"column\">\n\t\t\t<div class=\"elementor-widget-wrap elementor-element-populated\">\n\t\t\t\t\t\t\t\t<div class=\"elementor-element elementor-element-0b261d1 elementor-widget elementor-widget-image\" data-id=\"0b261d1\" data-element_type=\"widget\" data-widget_type=\"image.default\">\n\t\t\t\t<div class=\"elementor-widget-container\">\n\t\t\t<style>\/*! elementor - v3.18.0 - 08-12-2023 *\/\n.elementor-widget-image{text-align:center}.elementor-widget-image a{display:inline-block}.elementor-widget-image a img[src$=\".svg\"]{width:48px}.elementor-widget-image img{vertical-align:middle;display:inline-block}<\/style>\t\t\t\t\t\t\t\t\t\t\t\t<img fetchpriority=\"high\" decoding=\"async\" width=\"768\" height=\"1024\" src=\"https:\/\/apee-bf.org\/wp-content\/uploads\/2023\/12\/WhatsApp-Image-2023-11-17-at-4.43.26-PM-4.jpeg\" class=\"attachment-full size-full wp-image-2744\" alt=\"\" srcset=\"https:\/\/apee-bf.org\/wp-content\/uploads\/2023\/12\/WhatsApp-Image-2023-11-17-at-4.43.26-PM-4.jpeg 768w, https:\/\/apee-bf.org\/wp-content\/uploads\/2023\/12\/WhatsApp-Image-2023-11-17-at-4.43.26-PM-4-225x300.jpeg 225w\" sizes=\"(max-width: 768px) 100vw, 768px\" \/>\t\t\t\t\t\t\t\t\t\t\t\t\t\t\t<\/div>\n\t\t\t\t<\/div>\n\t\t\t\t\t<\/div>\n\t\t<\/div>\n\t\t\t\t<div class=\"elementor-column elementor-col-50 elementor-top-column elementor-element elementor-element-cf675fa\" data-id=\"cf675fa\" data-element_type=\"column\">\n\t\t\t<div class=\"elementor-widget-wrap elementor-element-populated\">\n\t\t\t\t\t\t\t\t<div class=\"elementor-element elementor-element-33f62de elementor-widget elementor-widget-ova_heading\" data-id=\"33f62de\" data-element_type=\"widget\" data-widget_type=\"ova_heading.default\">\n\t\t\t\t<div class=\"elementor-widget-container\">\n\t\t\t\t\t<div class=\"ova-heading version_1\">\n\t\t\t\t\t\t\t\t\t\t<h3 class=\"heading-title second_font\">A propos<\/h3>\n\t\t\t\t\t\t\t\t\t\t<div class=\"content\">\n\t\t\t\t\t<p>L\u2019APEE est une Association de Parents, amis et sympathisants d\u2019enfants d\u00e9ficients intellectuels \u00e0 but non lucratif poss\u00e9dant la personnalit\u00e9 juridique, plac\u00e9e sous la tutelle du Minist\u00e8re en charge de l\u2019Action Sociale et de la Solidarit\u00e9 Nationale.<\/p><p>Elle a \u00e9t\u00e9 cr\u00e9\u00e9e en 1988 gr\u00e2ce \u00e0 l\u2019action conjugu\u00e9e de mamans d\u2019enfants d\u00e9ficients intellectuels et de nombreux partenaires Burkinab\u00e9 et \u00e9trangers.<\/p>\t\t\t\t<\/div>\n\t\t\t\t\t<\/div>\n\t\t\t\t<\/div>\n\t\t\t\t<\/div>\n\t\t\t\t<div class=\"elementor-element elementor-element-4132b97 elementor-widget elementor-widget-ova_about_info\" data-id=\"4132b97\" data-element_type=\"widget\" data-widget_type=\"ova_about_info.default\">\n\t\t\t\t<div class=\"elementor-widget-container\">\n\t\t\t\t\t<div class=\"ova-about-info\">\n\t\t\t<div class=\"ova-content info_ver1\">\n\t\t\t\t \n\t\t\t\t\t<p>Chaque sourire que nous arrachons \u00e0 un enfant qui lutte, chaque barri\u00e8re que nous \u00e9liminons pour lui offrir une \u00e9ducation et des soins de sant\u00e9, chaque moment o\u00f9 nous l&#039;inspirons \u00e0 croire en lui-m\u00eame, c&#039;est une pierre pr\u00e9cieuse ajout\u00e9e au chemin vers un monde plus \u00e9quitable. Les enfants dans le besoin ne demandent pas la charit\u00e9, mais l&#039;\u00e9galit\u00e9 des chances. Ils m\u00e9ritent de se sentir dignes, aim\u00e9s et capables, car ils sont la richesse ultime de notre soci\u00e9t\u00e9.<\/p>\n\t\t\t\t\t\t\t<\/div>\n\t\t\t<div class=\"ova-info info_ver1\">\n\t\t\t\t<div class=\"infomation\">\n\t\t\t\t\t\t\t\t\t\t\t<div class=\"avatar\">\n\t\t\t\t\t\t\t\t\t\t\t\t\t\t\t<img decoding=\"async\" src=\"http:\/\/apee-bf.org\/wp-content\/uploads\/2023\/09\/presi.jpg\" alt=\"Rosalie BASSOLE\">\n\t\t\t\t\t\t\t\t\t\t\t\t\t<\/div>\n\t\t\t\t\t\t\t\t\t\t<div class=\"client\">\n\t\t\t\t\t\t<h4 class=\"second_font\">Rosalie BASSOLE<\/h4>\n\t\t\t\t\t\t<span>La Pr\u00e9sidente<\/span>\n\t\t\t\t\t<\/div>\n\t\t\t\t<\/div>\n\t\t\t\t\t\t\t\t\t<div class=\"signature\">\n\t\t\t\t\t\t\t\t\t\t\t<\/div>\n\t\t\t\t\t\t\t<\/div>\n\t\t<\/div>\n\t\t\t\t<\/div>\n\t\t\t\t<\/div>\n\t\t\t\t\t<\/div>\n\t\t<\/div>\n\t\t\t\t\t\t\t<\/div>\n\t\t<\/section>\n\t\t\t\t<section class=\"elementor-section elementor-top-section elementor-element elementor-element-d29752d elementor-section-boxed elementor-section-height-default elementor-section-height-default\" data-id=\"d29752d\" data-element_type=\"section\" data-settings=\"{&quot;background_background&quot;:&quot;classic&quot;}\">\n\t\t\t\t\t\t\t<div class=\"elementor-background-overlay\"><\/div>\n\t\t\t\t\t\t\t<div class=\"elementor-container elementor-column-gap-default\">\n\t\t\t\t\t<div class=\"elementor-column elementor-col-33 elementor-top-column elementor-element elementor-element-258ad49\" data-id=\"258ad49\" data-element_type=\"column\">\n\t\t\t<div class=\"elementor-widget-wrap elementor-element-populated\">\n\t\t\t\t\t\t\t\t<div class=\"elementor-element elementor-element-1b5897d elementor-widget elementor-widget-ova_feature\" data-id=\"1b5897d\" data-element_type=\"widget\" data-widget_type=\"ova_feature.default\">\n\t\t\t\t<div class=\"elementor-widget-container\">\n\t\t\t\t\t<div class=\"ova-feature version_1\">\n\t\t\t\t\t\t\t<div class=\"ova-media\">\n\t\t\t\t\t<div class=\"wp-media\">\n\t\t\t\t\t\t\t\t\t\t\t\t\t<i class=\"flaticon-heart-1\"><\/i>\n\t\t\t\t\t\t\n\t\t\t\t\t\t\t\t\t\t\t<\/div>\n\t\t\t\t<\/div>\n\t\t\t\t<div class=\"content\">\n\t\t\t\t\t\t\t\t\t\t\t<h3 class=\"title\">\n\t\t\t\t\t\t\t<a href=\"#\" class=\"second_font\">Notre Mission<\/a>\n\t\t\t\t\t\t<\/h3>\n\t\t\t\t\t\t\t\t\t\t\t\t\t\t\t\t<p class=\"desc\">L\u2019APEE vise \u00e0 renforcer la scolarisation des enfants et des jeunes adultes handicap\u00e9s \u00e0 l\u2019\u00e9cole, selon une approche inclusive et holistique<\/p>\n\t\t\t\t\t\t\t\t\t<\/div>\n\t\t\t\n\t\t\t\t\t<\/div>\n\t\t\t\t<\/div>\n\t\t\t\t<\/div>\n\t\t\t\t\t<\/div>\n\t\t<\/div>\n\t\t\t\t<div class=\"elementor-column elementor-col-33 elementor-top-column elementor-element elementor-element-24f9d03\" data-id=\"24f9d03\" data-element_type=\"column\">\n\t\t\t<div class=\"elementor-widget-wrap elementor-element-populated\">\n\t\t\t\t\t\t\t\t<div class=\"elementor-element elementor-element-8dd6896 elementor-widget elementor-widget-ova_feature\" data-id=\"8dd6896\" data-element_type=\"widget\" data-widget_type=\"ova_feature.default\">\n\t\t\t\t<div class=\"elementor-widget-container\">\n\t\t\t\t\t<div class=\"ova-feature version_1\">\n\t\t\t\t\t\t\t<div class=\"ova-media\">\n\t\t\t\t\t<div class=\"wp-media\">\n\t\t\t\t\t\t\t\t\t\t\t\t\t<i class=\"flaticon-donation\"><\/i>\n\t\t\t\t\t\t\n\t\t\t\t\t\t\t\t\t\t\t<\/div>\n\t\t\t\t<\/div>\n\t\t\t\t<div class=\"content\">\n\t\t\t\t\t\t\t\t\t\t\t<h3 class=\"title\">\n\t\t\t\t\t\t\t<a href=\"#\" class=\"second_font\">Nos Actions<\/a>\n\t\t\t\t\t\t<\/h3>\n\t\t\t\t\t\t\t\t\t\t\t\t\t\t\t\t<p class=\"desc\">Mise en place des infrastructures et divers services adapt\u00e9s pour assurer le suivi, l&#039;\u00e9ducation et l&#039;\u00e9panouissement des enfants<\/p>\n\t\t\t\t\t\t\t\t\t<\/div>\n\t\t\t\n\t\t\t\t\t<\/div>\n\t\t\t\t<\/div>\n\t\t\t\t<\/div>\n\t\t\t\t\t<\/div>\n\t\t<\/div>\n\t\t\t\t<div class=\"elementor-column elementor-col-33 elementor-top-column elementor-element elementor-element-c71ed06\" data-id=\"c71ed06\" data-element_type=\"column\">\n\t\t\t<div class=\"elementor-widget-wrap elementor-element-populated\">\n\t\t\t\t\t\t\t\t<div class=\"elementor-element elementor-element-0e6b21b elementor-widget elementor-widget-ova_feature\" data-id=\"0e6b21b\" data-element_type=\"widget\" data-widget_type=\"ova_feature.default\">\n\t\t\t\t<div class=\"elementor-widget-container\">\n\t\t\t\t\t<div class=\"ova-feature version_1\">\n\t\t\t\t\t\t\t<div class=\"ova-media\">\n\t\t\t\t\t<div class=\"wp-media\">\n\t\t\t\t\t\t\t\t\t\t\t\t\t<i class=\"flaticon-heart-2\"><\/i>\n\t\t\t\t\t\t\n\t\t\t\t\t\t\t\t\t\t\t<\/div>\n\t\t\t\t<\/div>\n\t\t\t\t<div class=\"content\">\n\t\t\t\t\t\t\t\t\t\t\t<h3 class=\"title\">\n\t\t\t\t\t\t\t<a href=\"#\" class=\"second_font\">Devenir Volontaire<\/a>\n\t\t\t\t\t\t<\/h3>\n\t\t\t\t\t\t\t\t\t\t\t\t\t\t\t\t<p class=\"desc\">Chaque geste de volontariat, aussi petit soit-il, tisse la toile solidaire qui embellit le monde. Engagez-vous avec passion, car chaque action compte<\/p>\n\t\t\t\t\t\t\t\t\t<\/div>\n\t\t\t\n\t\t\t\t\t<\/div>\n\t\t\t\t<\/div>\n\t\t\t\t<\/div>\n\t\t\t\t\t<\/div>\n\t\t<\/div>\n\t\t\t\t\t\t\t<\/div>\n\t\t<\/section>\n\t\t\t\t<section class=\"elementor-section elementor-top-section elementor-element elementor-element-3821394 elementor-section-boxed elementor-section-height-default elementor-section-height-default\" data-id=\"3821394\" data-element_type=\"section\" data-settings=\"{&quot;background_background&quot;:&quot;classic&quot;}\">\n\t\t\t\t\t\t\t<div class=\"elementor-background-overlay\"><\/div>\n\t\t\t\t\t\t\t<div class=\"elementor-container elementor-column-gap-default\">\n\t\t\t\t\t<div class=\"elementor-column elementor-col-25 elementor-top-column elementor-element elementor-element-30b2055 charihope-counter\" data-id=\"30b2055\" data-element_type=\"column\">\n\t\t\t<div class=\"elementor-widget-wrap elementor-element-populated\">\n\t\t\t\t\t\t\t\t<div class=\"elementor-element elementor-element-7b1256e elementor-widget elementor-widget-ova_icon\" data-id=\"7b1256e\" data-element_type=\"widget\" data-widget_type=\"ova_icon.default\">\n\t\t\t\t<div class=\"elementor-widget-container\">\n\t\t\t\t\t<div class=\"ova-icon\">\n\t\t\t\t\t\t<i class=\"flaticon-heart\"><\/i>\n\t\t\t\n\t\t\t\t\t<\/div>\n\t\t\t\t<\/div>\n\t\t\t\t<\/div>\n\t\t\t\t<div class=\"elementor-element elementor-element-4325621 elementor-widget elementor-widget-counter\" data-id=\"4325621\" data-element_type=\"widget\" data-widget_type=\"counter.default\">\n\t\t\t\t<div class=\"elementor-widget-container\">\n\t\t\t<style>\/*! elementor - v3.18.0 - 08-12-2023 *\/\n.elementor-counter .elementor-counter-number-wrapper{display:flex;font-size:69px;font-weight:600;line-height:1}.elementor-counter .elementor-counter-number-prefix,.elementor-counter .elementor-counter-number-suffix{flex-grow:1;white-space:pre-wrap}.elementor-counter .elementor-counter-number-prefix{text-align:right}.elementor-counter .elementor-counter-number-suffix{text-align:left}.elementor-counter .elementor-counter-title{text-align:center;font-size:19px;font-weight:400;line-height:2.5}<\/style>\t\t<div class=\"elementor-counter\">\n\t\t\t<div class=\"elementor-counter-number-wrapper\">\n\t\t\t\t<span class=\"elementor-counter-number-prefix\"><\/span>\n\t\t\t\t<span class=\"elementor-counter-number\" data-duration=\"3000\" data-to-value=\"20\" data-from-value=\"0\" data-delimiter=\",\">0<\/span>\n\t\t\t\t<span class=\"elementor-counter-number-suffix\">+<\/span>\n\t\t\t<\/div>\n\t\t\t\t\t\t\t<div class=\"elementor-counter-title\">Volontaires<\/div>\n\t\t\t\t\t<\/div>\n\t\t\t\t<\/div>\n\t\t\t\t<\/div>\n\t\t\t\t\t<\/div>\n\t\t<\/div>\n\t\t\t\t<div class=\"elementor-column elementor-col-25 elementor-top-column elementor-element elementor-element-a000813 charihope-counter\" data-id=\"a000813\" data-element_type=\"column\">\n\t\t\t<div class=\"elementor-widget-wrap elementor-element-populated\">\n\t\t\t\t\t\t\t\t<div class=\"elementor-element elementor-element-1f7e19f elementor-widget elementor-widget-ova_icon\" data-id=\"1f7e19f\" data-element_type=\"widget\" data-widget_type=\"ova_icon.default\">\n\t\t\t\t<div class=\"elementor-widget-container\">\n\t\t\t\t\t<div class=\"ova-icon\">\n\t\t\t\t\t\t<i class=\"flaticon-helping\"><\/i>\n\t\t\t\n\t\t\t\t\t<\/div>\n\t\t\t\t<\/div>\n\t\t\t\t<\/div>\n\t\t\t\t<div class=\"elementor-element elementor-element-c3583af elementor-widget elementor-widget-counter\" data-id=\"c3583af\" data-element_type=\"widget\" data-widget_type=\"counter.default\">\n\t\t\t\t<div class=\"elementor-widget-container\">\n\t\t\t\t\t<div class=\"elementor-counter\">\n\t\t\t<div class=\"elementor-counter-number-wrapper\">\n\t\t\t\t<span class=\"elementor-counter-number-prefix\"><\/span>\n\t\t\t\t<span class=\"elementor-counter-number\" data-duration=\"3000\" data-to-value=\"500\" data-from-value=\"0\">0<\/span>\n\t\t\t\t<span class=\"elementor-counter-number-suffix\">+<\/span>\n\t\t\t<\/div>\n\t\t\t\t\t\t\t<div class=\"elementor-counter-title\">Dons<\/div>\n\t\t\t\t\t<\/div>\n\t\t\t\t<\/div>\n\t\t\t\t<\/div>\n\t\t\t\t\t<\/div>\n\t\t<\/div>\n\t\t\t\t<div class=\"elementor-column elementor-col-25 elementor-top-column elementor-element elementor-element-f6f0b45 charihope-counter\" data-id=\"f6f0b45\" data-element_type=\"column\">\n\t\t\t<div class=\"elementor-widget-wrap elementor-element-populated\">\n\t\t\t\t\t\t\t\t<div class=\"elementor-element elementor-element-af7e973 elementor-widget elementor-widget-ova_icon\" data-id=\"af7e973\" data-element_type=\"widget\" data-widget_type=\"ova_icon.default\">\n\t\t\t\t<div class=\"elementor-widget-container\">\n\t\t\t\t\t<div class=\"ova-icon\">\n\t\t\t\t\t\t<i class=\"flaticon-worldwide-donation\"><\/i>\n\t\t\t\n\t\t\t\t\t<\/div>\n\t\t\t\t<\/div>\n\t\t\t\t<\/div>\n\t\t\t\t<div class=\"elementor-element elementor-element-7404045 elementor-widget elementor-widget-counter\" data-id=\"7404045\" data-element_type=\"widget\" data-widget_type=\"counter.default\">\n\t\t\t\t<div class=\"elementor-widget-container\">\n\t\t\t\t\t<div class=\"elementor-counter\">\n\t\t\t<div class=\"elementor-counter-number-wrapper\">\n\t\t\t\t<span class=\"elementor-counter-number-prefix\"><\/span>\n\t\t\t\t<span class=\"elementor-counter-number\" data-duration=\"3000\" data-to-value=\"20\" data-from-value=\"0\" data-delimiter=\",\">0<\/span>\n\t\t\t\t<span class=\"elementor-counter-number-suffix\">+<\/span>\n\t\t\t<\/div>\n\t\t\t\t\t\t\t<div class=\"elementor-counter-title\">Campagnes<\/div>\n\t\t\t\t\t<\/div>\n\t\t\t\t<\/div>\n\t\t\t\t<\/div>\n\t\t\t\t\t<\/div>\n\t\t<\/div>\n\t\t\t\t<div class=\"elementor-column elementor-col-25 elementor-top-column elementor-element elementor-element-725d855 charihope-counter\" data-id=\"725d855\" data-element_type=\"column\">\n\t\t\t<div class=\"elementor-widget-wrap elementor-element-populated\">\n\t\t\t\t\t\t\t\t<div class=\"elementor-element elementor-element-4bca0c9 elementor-widget elementor-widget-ova_icon\" data-id=\"4bca0c9\" data-element_type=\"widget\" data-widget_type=\"ova_icon.default\">\n\t\t\t\t<div class=\"elementor-widget-container\">\n\t\t\t\t\t<div class=\"ova-icon\">\n\t\t\t\t\t\t<i class=\"flaticon-charity-ribbon\"><\/i>\n\t\t\t\n\t\t\t\t\t<\/div>\n\t\t\t\t<\/div>\n\t\t\t\t<\/div>\n\t\t\t\t<div class=\"elementor-element elementor-element-ed60a5a elementor-widget elementor-widget-counter\" data-id=\"ed60a5a\" data-element_type=\"widget\" data-widget_type=\"counter.default\">\n\t\t\t\t<div class=\"elementor-widget-container\">\n\t\t\t\t\t<div class=\"elementor-counter\">\n\t\t\t<div class=\"elementor-counter-number-wrapper\">\n\t\t\t\t<span class=\"elementor-counter-number-prefix\"><\/span>\n\t\t\t\t<span class=\"elementor-counter-number\" data-duration=\"3000\" data-to-value=\"10\" data-from-value=\"0\" data-delimiter=\",\">0<\/span>\n\t\t\t\t<span class=\"elementor-counter-number-suffix\">+<\/span>\n\t\t\t<\/div>\n\t\t\t\t\t\t\t<div class=\"elementor-counter-title\">R\u00e9compenses<\/div>\n\t\t\t\t\t<\/div>\n\t\t\t\t<\/div>\n\t\t\t\t<\/div>\n\t\t\t\t\t<\/div>\n\t\t<\/div>\n\t\t\t\t\t\t\t<\/div>\n\t\t<\/section>\n\t\t\t\t\t\t\t<\/div>\n\t\t","protected":false},"excerpt":{"rendered":"<p>A propos L\u2019APEE est une Association de Parents, amis et sympathisants d\u2019enfants d\u00e9ficients intellectuels \u00e0 but non lucratif poss\u00e9dant la personnalit\u00e9 juridique, plac\u00e9e sous la tutelle du Minist\u00e8re en charge de l\u2019Action Sociale et de la Solidarit\u00e9 Nationale. Elle a \u00e9t\u00e9 cr\u00e9\u00e9e en 1988 gr\u00e2ce \u00e0 l\u2019action conjugu\u00e9e de mamans d\u2019enfants d\u00e9ficients intellectuels et de [&hellip;]<\/p>\n","protected":false},"author":1,"featured_media":0,"parent":0,"menu_order":0,"comment_status":"closed","ping_status":"closed","template":"elementor_header_footer","meta":{"footnotes":""},"aioseo_notices":[],"_links":{"self":[{"href":"https:\/\/apee-bf.org\/index.php\/wp-json\/wp\/v2\/pages\/1907"}],"collection":[{"href":"https:\/\/apee-bf.org\/index.php\/wp-json\/wp\/v2\/pages"}],"about":[{"href":"https:\/\/apee-bf.org\/index.php\/wp-json\/wp\/v2\/types\/page"}],"author":[{"embeddable":true,"href":"https:\/\/apee-bf.org\/index.php\/wp-json\/wp\/v2\/users\/1"}],"replies":[{"embeddable":true,"href":"https:\/\/apee-bf.org\/index.php\/wp-json\/wp\/v2\/comments?post=1907"}],"version-history":[{"count":24,"href":"https:\/\/apee-bf.org\/index.php\/wp-json\/wp\/v2\/pages\/1907\/revisions"}],"predecessor-version":[{"id":2901,"href":"https:\/\/apee-bf.org\/index.php\/wp-json\/wp\/v2\/pages\/1907\/revisions\/2901"}],"wp:attachment":[{"href":"https:\/\/apee-bf.org\/index.php\/wp-json\/wp\/v2\/media?parent=1907"}],"curies":[{"name":"wp","href":"https:\/\/api.w.org\/{rel}","templated":true}]}}